{"id":970,"date":"2021-11-18T14:07:06","date_gmt":"2021-11-18T14:07:06","guid":{"rendered":"https:\/\/fb-classics.com\/shop\/?post_type=product&#038;p=970"},"modified":"2023-04-17T18:53:25","modified_gmt":"2023-04-17T18:53:25","slug":"citroen-mehari","status":"publish","type":"product","link":"https:\/\/fb-classics.com\/shop\/produit\/citroen-mehari\/","title":{"rendered":"Citroen M\u00e9hari"},"content":{"rendered":"<p>Superbe Citroen M\u00e9hari de 1977 avec 93 181 kms . Etat Concours !! Rien \u00e0 pr\u00e9voir &#8230;<\/p>\n<p>&nbsp;<\/p>\n<p>Visite sous rendez-vous .<\/p>\n<p>&nbsp;<\/p>\n<p><strong>Vendue !!!!!!\u00a0<\/strong><\/p>\n","protected":false},"excerpt":{"rendered":"<p>Superbe Citroen M\u00e9hari de 1977 avec 93 181 kms . Etat Concours !! Rien \u00e0 pr\u00e9voir &#8230; &nbsp; Visite sous rendez-vous . &nbsp; Vendue !!!!!!\u00a0<\/p>\n","protected":false},"featured_media":973,"template":"","meta":[],"product_cat":[16],"product_tag":[],"_links":{"self":[{"href":"https:\/\/fb-classics.com\/shop\/wp-json\/wp\/v2\/product\/970"}],"collection":[{"href":"https:\/\/fb-classics.com\/shop\/wp-json\/wp\/v2\/product"}],"about":[{"href":"https:\/\/fb-classics.com\/shop\/wp-json\/wp\/v2\/types\/product"}],"wp:featuredmedia":[{"embeddable":true,"href":"https:\/\/fb-classics.com\/shop\/wp-json\/wp\/v2\/media\/973"}],"wp:attachment":[{"href":"https:\/\/fb-classics.com\/shop\/wp-json\/wp\/v2\/media?parent=970"}],"wp:term":[{"taxonomy":"product_cat","embeddable":true,"href":"https:\/\/fb-classics.com\/shop\/wp-json\/wp\/v2\/product_cat?post=970"},{"taxonomy":"product_tag","embeddable":true,"href":"https:\/\/fb-classics.com\/shop\/wp-json\/wp\/v2\/product_tag?post=970"}],"curies":[{"name":"wp","href":"https:\/\/api.w.org\/{rel}","templated":true}]}}