{"id":890,"date":"2021-07-21T07:51:37","date_gmt":"2021-07-21T07:51:37","guid":{"rendered":"https:\/\/fb-classics.com\/shop\/?post_type=product&#038;p=890"},"modified":"2021-09-02T06:00:45","modified_gmt":"2021-09-02T06:00:45","slug":"mercedes-380sl-1981","status":"publish","type":"product","link":"https:\/\/fb-classics.com\/shop\/produit\/mercedes-380sl-1981\/","title":{"rendered":"Mercedes 380SL 1981"},"content":{"rendered":"","protected":false},"excerpt":{"rendered":"<p>Magnifique Mercedes 380SL type R107 de 1981<\/p>\n<p>Enti\u00e8rement restaur\u00e9e, nouvelle peinture, nouvelle sellerie, nouvelle capote, m\u00e9canique enti\u00e8rement r\u00e9vis\u00e9e &#8230;.<\/p>\n<p>95 700 miles<\/p>\n<p>Roule parfaitement !<\/p>\n","protected":false},"featured_media":891,"template":"","meta":[],"product_cat":[16],"product_tag":[],"_links":{"self":[{"href":"https:\/\/fb-classics.com\/shop\/wp-json\/wp\/v2\/product\/890"}],"collection":[{"href":"https:\/\/fb-classics.com\/shop\/wp-json\/wp\/v2\/product"}],"about":[{"href":"https:\/\/fb-classics.com\/shop\/wp-json\/wp\/v2\/types\/product"}],"wp:featuredmedia":[{"embeddable":true,"href":"https:\/\/fb-classics.com\/shop\/wp-json\/wp\/v2\/media\/891"}],"wp:attachment":[{"href":"https:\/\/fb-classics.com\/shop\/wp-json\/wp\/v2\/media?parent=890"}],"wp:term":[{"taxonomy":"product_cat","embeddable":true,"href":"https:\/\/fb-classics.com\/shop\/wp-json\/wp\/v2\/product_cat?post=890"},{"taxonomy":"product_tag","embeddable":true,"href":"https:\/\/fb-classics.com\/shop\/wp-json\/wp\/v2\/product_tag?post=890"}],"curies":[{"name":"wp","href":"https:\/\/api.w.org\/{rel}","templated":true}]}}