{"id":469,"date":"2019-05-21T17:53:56","date_gmt":"2019-05-21T17:53:56","guid":{"rendered":"https:\/\/fb-classics.com\/shop\/?post_type=product&#038;p=469"},"modified":"2024-05-20T17:28:50","modified_gmt":"2024-05-20T17:28:50","slug":"vw-coccinelle-cabriolet","status":"publish","type":"product","link":"https:\/\/fb-classics.com\/shop\/produit\/vw-coccinelle-cabriolet\/","title":{"rendered":"Vw Coccinelle Cabriolet"},"content":{"rendered":"<p>Sublime VW Coccinelle Cabriolet ! Dans un superbe \u00e9tat , rien \u00e0 pr\u00e9voir &#8230;<\/p>\n<p>&nbsp;<\/p>\n<p>Mod\u00e8le 1303S cabriolet de 1979, couleur Florida Bleue , capote bleu fonc\u00e9e combin\u00e9e avec un int\u00e9rieur gris fonc\u00e9 . La voiture est dans \u00e9tat magnifique .<\/p>\n<p>&nbsp;<\/p>\n<p><strong>Infos : 0478,397367<\/strong><\/p>\n<p>&nbsp;<\/p>\n<p><strong>Vendue !!!\u00a0<\/strong><\/p>\n<p>&nbsp;<\/p>\n<p>&nbsp;<\/p>\n<p>&nbsp;<\/p>\n","protected":false},"excerpt":{"rendered":"<p>Sublime VW Coccinelle Cabriolet ! Dans un superbe \u00e9tat , rien \u00e0 pr\u00e9voir &#8230; &nbsp; Mod\u00e8le 1303S cabriolet de 1979, couleur Florida Bleue , capote bleu fonc\u00e9e combin\u00e9e avec un int\u00e9rieur gris fonc\u00e9 . La voiture est dans \u00e9tat magnifique . &nbsp; Infos : 0478,397367 &nbsp; Vendue !!!\u00a0 &nbsp; &nbsp; &nbsp;<\/p>\n","protected":false},"featured_media":513,"template":"","meta":[],"product_cat":[16],"product_tag":[],"_links":{"self":[{"href":"https:\/\/fb-classics.com\/shop\/wp-json\/wp\/v2\/product\/469"}],"collection":[{"href":"https:\/\/fb-classics.com\/shop\/wp-json\/wp\/v2\/product"}],"about":[{"href":"https:\/\/fb-classics.com\/shop\/wp-json\/wp\/v2\/types\/product"}],"wp:featuredmedia":[{"embeddable":true,"href":"https:\/\/fb-classics.com\/shop\/wp-json\/wp\/v2\/media\/513"}],"wp:attachment":[{"href":"https:\/\/fb-classics.com\/shop\/wp-json\/wp\/v2\/media?parent=469"}],"wp:term":[{"taxonomy":"product_cat","embeddable":true,"href":"https:\/\/fb-classics.com\/shop\/wp-json\/wp\/v2\/product_cat?post=469"},{"taxonomy":"product_tag","embeddable":true,"href":"https:\/\/fb-classics.com\/shop\/wp-json\/wp\/v2\/product_tag?post=469"}],"curies":[{"name":"wp","href":"https:\/\/api.w.org\/{rel}","templated":true}]}}