{"id":1194,"date":"2024-05-20T17:35:15","date_gmt":"2024-05-20T17:35:15","guid":{"rendered":"https:\/\/fb-classics.com\/shop\/?post_type=product&#038;p=1194"},"modified":"2024-05-20T17:35:15","modified_gmt":"2024-05-20T17:35:15","slug":"vw-golf-1-cabriolet-white-edition","status":"publish","type":"product","link":"https:\/\/fb-classics.com\/shop\/produit\/vw-golf-1-cabriolet-white-edition\/","title":{"rendered":"Vw Golf 1 cabriolet White Edition"},"content":{"rendered":"<p>Magnifique Golf 1 cabriolet s\u00e9rie sp\u00e9ciale White Edition, limit\u00e9e \u00e0 783 exemplaires!<\/p>\n<p>1983, moteur 1800 GTI 112ch , \u00e9tat exceptionnel !!<\/p>\n<p>Premier propri\u00e9taire, rien \u00e0 pr\u00e9voir .<\/p>\n<p>&nbsp;<\/p>\n","protected":false},"excerpt":{"rendered":"<p>Magnifique Golf 1 cabriolet s\u00e9rie sp\u00e9ciale White Edition, limit\u00e9e \u00e0 783 exemplaires! 1983, moteur 1800 GTI 112ch , \u00e9tat exceptionnel !! Premier propri\u00e9taire, rien \u00e0 pr\u00e9voir . &nbsp;<\/p>\n","protected":false},"featured_media":1205,"template":"","meta":[],"product_cat":[16],"product_tag":[],"_links":{"self":[{"href":"https:\/\/fb-classics.com\/shop\/wp-json\/wp\/v2\/product\/1194"}],"collection":[{"href":"https:\/\/fb-classics.com\/shop\/wp-json\/wp\/v2\/product"}],"about":[{"href":"https:\/\/fb-classics.com\/shop\/wp-json\/wp\/v2\/types\/product"}],"wp:featuredmedia":[{"embeddable":true,"href":"https:\/\/fb-classics.com\/shop\/wp-json\/wp\/v2\/media\/1205"}],"wp:attachment":[{"href":"https:\/\/fb-classics.com\/shop\/wp-json\/wp\/v2\/media?parent=1194"}],"wp:term":[{"taxonomy":"product_cat","embeddable":true,"href":"https:\/\/fb-classics.com\/shop\/wp-json\/wp\/v2\/product_cat?post=1194"},{"taxonomy":"product_tag","embeddable":true,"href":"https:\/\/fb-classics.com\/shop\/wp-json\/wp\/v2\/product_tag?post=1194"}],"curies":[{"name":"wp","href":"https:\/\/api.w.org\/{rel}","templated":true}]}}