{"id":1133,"date":"2023-05-24T17:59:54","date_gmt":"2023-05-24T17:59:54","guid":{"rendered":"https:\/\/fb-classics.com\/shop\/?post_type=product&#038;p=1133"},"modified":"2023-11-21T05:32:38","modified_gmt":"2023-11-21T05:32:38","slug":"renault-4cv-decouvrable","status":"publish","type":"product","link":"https:\/\/fb-classics.com\/shop\/produit\/renault-4cv-decouvrable\/","title":{"rendered":"Renault 4CV d\u00e9couvrable"},"content":{"rendered":"<p>Magnifique Renault 4CV d\u00e9couvrable 1960. Etat execptionnel ! Rien \u00e0 pr\u00e9voir &#8230;<\/p>\n<p>&nbsp;<\/p>\n<p>Essai sur rendez-vous.<\/p>\n<p>&nbsp;<\/p>\n<p>&nbsp;<\/p>\n<p>!!!! Vendue !!!<\/p>\n","protected":false},"excerpt":{"rendered":"<p>Magnifique Renault 4CV d\u00e9couvrable 1960. Etat execptionnel ! Rien \u00e0 pr\u00e9voir &#8230; &nbsp; Essai sur rendez-vous. &nbsp; &nbsp; !!!! Vendue !!!<\/p>\n","protected":false},"featured_media":1164,"template":"","meta":[],"product_cat":[16],"product_tag":[],"_links":{"self":[{"href":"https:\/\/fb-classics.com\/shop\/wp-json\/wp\/v2\/product\/1133"}],"collection":[{"href":"https:\/\/fb-classics.com\/shop\/wp-json\/wp\/v2\/product"}],"about":[{"href":"https:\/\/fb-classics.com\/shop\/wp-json\/wp\/v2\/types\/product"}],"wp:featuredmedia":[{"embeddable":true,"href":"https:\/\/fb-classics.com\/shop\/wp-json\/wp\/v2\/media\/1164"}],"wp:attachment":[{"href":"https:\/\/fb-classics.com\/shop\/wp-json\/wp\/v2\/media?parent=1133"}],"wp:term":[{"taxonomy":"product_cat","embeddable":true,"href":"https:\/\/fb-classics.com\/shop\/wp-json\/wp\/v2\/product_cat?post=1133"},{"taxonomy":"product_tag","embeddable":true,"href":"https:\/\/fb-classics.com\/shop\/wp-json\/wp\/v2\/product_tag?post=1133"}],"curies":[{"name":"wp","href":"https:\/\/api.w.org\/{rel}","templated":true}]}}