{"id":1005,"date":"2022-06-20T18:41:27","date_gmt":"2022-06-20T18:41:27","guid":{"rendered":"https:\/\/fb-classics.com\/shop\/?post_type=product&#038;p=1005"},"modified":"2022-06-20T18:45:53","modified_gmt":"2022-06-20T18:45:53","slug":"ford-mustang-v8-cabrio","status":"publish","type":"product","link":"https:\/\/fb-classics.com\/shop\/produit\/ford-mustang-v8-cabrio\/","title":{"rendered":"Ford Mustang V8 cabrio"},"content":{"rendered":"<p>Magnifique Ford Mustang de 1966 , moteur V8 289 , boite automatique<\/p>\n<p>Nouvelle peinture, nouvelle sellerie, allumage \u00e9lectronique , nouvelle pompe \u00e0 eau , rien \u00e0 pr\u00e9voir !!<\/p>\n","protected":false},"excerpt":{"rendered":"<p>Magnifique Ford Mustang de 1966 , moteur V8 289 , boite automatique Nouvelle peinture, nouvelle sellerie, allumage \u00e9lectronique , nouvelle pompe \u00e0 eau , rien \u00e0 pr\u00e9voir !!<\/p>\n","protected":false},"featured_media":1048,"template":"","meta":[],"product_cat":[16],"product_tag":[],"_links":{"self":[{"href":"https:\/\/fb-classics.com\/shop\/wp-json\/wp\/v2\/product\/1005"}],"collection":[{"href":"https:\/\/fb-classics.com\/shop\/wp-json\/wp\/v2\/product"}],"about":[{"href":"https:\/\/fb-classics.com\/shop\/wp-json\/wp\/v2\/types\/product"}],"wp:featuredmedia":[{"embeddable":true,"href":"https:\/\/fb-classics.com\/shop\/wp-json\/wp\/v2\/media\/1048"}],"wp:attachment":[{"href":"https:\/\/fb-classics.com\/shop\/wp-json\/wp\/v2\/media?parent=1005"}],"wp:term":[{"taxonomy":"product_cat","embeddable":true,"href":"https:\/\/fb-classics.com\/shop\/wp-json\/wp\/v2\/product_cat?post=1005"},{"taxonomy":"product_tag","embeddable":true,"href":"https:\/\/fb-classics.com\/shop\/wp-json\/wp\/v2\/product_tag?post=1005"}],"curies":[{"name":"wp","href":"https:\/\/api.w.org\/{rel}","templated":true}]}}